{"id":505,"date":"2015-01-02T17:35:16","date_gmt":"2015-01-02T16:35:16","guid":{"rendered":"https:\/\/pierre-luc-dufour.shany.ca\/\/en\/?page_id=505"},"modified":"2016-02-05T05:04:43","modified_gmt":"2016-02-05T04:04:43","slug":"info","status":"publish","type":"page","link":"https:\/\/pierrelucdufour.com\/en\/info\/","title":{"rendered":"Info"},"content":{"rendered":"","protected":false},"excerpt":{"rendered":"","protected":false},"author":8,"featured_media":0,"parent":0,"menu_order":2,"comment_status":"closed","ping_status":"closed","template":"templates\/tmpl_contact.php","meta":{"_acf_changed":false,"footnotes":""},"acf":[],"yoast_head":"<!-- This site is optimized with the Yoast SEO plugin v22.5 - https:\/\/yoast.com\/wordpress\/plugins\/seo\/ -->\n<title>Info - Pierre-Luc Dufour Photographe(r)<\/title>\n<meta name=\"robots\" content=\"index, follow, max-snippet:-1, max-image-preview:large, max-video-preview:-1\" \/>\n<link rel=\"canonical\" href=\"https:\/\/pierre-luc-dufour.shany.ca\/en\/info\/\" \/>\n<meta property=\"og:locale\" content=\"en_US\" \/>\n<meta property=\"og:type\" content=\"article\" \/>\n<meta property=\"og:title\" content=\"Info - Pierre-Luc Dufour Photographe(r)\" \/>\n<meta property=\"og:url\" content=\"https:\/\/pierre-luc-dufour.shany.ca\/en\/info\/\" \/>\n<meta property=\"og:site_name\" content=\"Pierre-Luc Dufour Photographe(r)\" \/>\n<meta property=\"article:publisher\" content=\"https:\/\/www.facebook.com\/pierrelucdufourphoto\" \/>\n<meta property=\"article:modified_time\" content=\"2016-02-05T04:04:43+00:00\" \/>\n<meta name=\"twitter:card\" content=\"summary_large_image\" \/>\n<script type=\"application\/ld+json\" class=\"yoast-schema-graph\">{\"@context\":\"https:\/\/schema.org\",\"@graph\":[{\"@type\":\"WebPage\",\"@id\":\"https:\/\/pierre-luc-dufour.shany.ca\/en\/info\/\",\"url\":\"https:\/\/pierre-luc-dufour.shany.ca\/en\/info\/\",\"name\":\"Info - Pierre-Luc Dufour Photographe(r)\",\"isPartOf\":{\"@id\":\"https:\/\/pierre-luc-dufour.shany.ca\/#website\"},\"datePublished\":\"2015-01-02T16:35:16+00:00\",\"dateModified\":\"2016-02-05T04:04:43+00:00\",\"breadcrumb\":{\"@id\":\"https:\/\/pierre-luc-dufour.shany.ca\/en\/info\/#breadcrumb\"},\"inLanguage\":\"en-US\",\"potentialAction\":[{\"@type\":\"ReadAction\",\"target\":[\"https:\/\/pierre-luc-dufour.shany.ca\/en\/info\/\"]}]},{\"@type\":\"BreadcrumbList\",\"@id\":\"https:\/\/pierre-luc-dufour.shany.ca\/en\/info\/#breadcrumb\",\"itemListElement\":[{\"@type\":\"ListItem\",\"position\":1,\"name\":\"Accueil\",\"item\":\"https:\/\/pierre-luc-dufour.shany.ca\/\"},{\"@type\":\"ListItem\",\"position\":2,\"name\":\"Info\"}]},{\"@type\":\"WebSite\",\"@id\":\"https:\/\/pierre-luc-dufour.shany.ca\/#website\",\"url\":\"https:\/\/pierre-luc-dufour.shany.ca\/\",\"name\":\"Pierre-Luc Dufour Photographe(r)\",\"description\":\"Pierre-Luc Dufour Photographe(r)\",\"publisher\":{\"@id\":\"https:\/\/pierre-luc-dufour.shany.ca\/#\/schema\/person\/2864f014030ab3d05b4de91ae115f4e0\"},\"potentialAction\":[{\"@type\":\"SearchAction\",\"target\":{\"@type\":\"EntryPoint\",\"urlTemplate\":\"https:\/\/pierre-luc-dufour.shany.ca\/?s={search_term_string}\"},\"query-input\":\"required name=search_term_string\"}],\"inLanguage\":\"en-US\"},{\"@type\":[\"Person\",\"Organization\"],\"@id\":\"https:\/\/pierre-luc-dufour.shany.ca\/#\/schema\/person\/2864f014030ab3d05b4de91ae115f4e0\",\"name\":\"Pierre-Luc Dufour\",\"image\":{\"@type\":\"ImageObject\",\"inLanguage\":\"en-US\",\"@id\":\"https:\/\/pierre-luc-dufour.shany.ca\/#\/schema\/person\/image\/\",\"url\":\"https:\/\/pierrelucdufour.com\/wp-content\/uploads\/2023\/03\/PLD_Logotype_500X30.jpg\",\"contentUrl\":\"https:\/\/pierrelucdufour.com\/wp-content\/uploads\/2023\/03\/PLD_Logotype_500X30.jpg\",\"width\":1000,\"height\":60,\"caption\":\"Pierre-Luc Dufour\"},\"logo\":{\"@id\":\"https:\/\/pierre-luc-dufour.shany.ca\/#\/schema\/person\/image\/\"},\"description\":\"Pierre-Luc Dufour m\u00e8ne une carri\u00e8re en photographie et collabore avec plusieurs clients commerciaux des villes de Montr\u00e9al et de Qu\u00e9bec depuis dix ans. Disponible et flexible, il aime s'adapter aux objectifs de son client pour permettre \u00e0 ce dernier d'acqu\u00e9rir l'image qui l'aidera dans ses activit\u00e9s professionnelles.\",\"sameAs\":[\"https:\/\/pierrelucdufour.com\/\",\"https:\/\/www.facebook.com\/pierrelucdufourphoto\",\"https:\/\/www.instagram.com\/pierrelucdufourphotographie\/\"]}]}<\/script>\n<!-- \/ Yoast SEO plugin. -->","yoast_head_json":{"title":"Info - Pierre-Luc Dufour Photographe(r)","robots":{"index":"index","follow":"follow","max-snippet":"max-snippet:-1","max-image-preview":"max-image-preview:large","max-video-preview":"max-video-preview:-1"},"canonical":"https:\/\/pierre-luc-dufour.shany.ca\/en\/info\/","og_locale":"en_US","og_type":"article","og_title":"Info - Pierre-Luc Dufour Photographe(r)","og_url":"https:\/\/pierre-luc-dufour.shany.ca\/en\/info\/","og_site_name":"Pierre-Luc Dufour Photographe(r)","article_publisher":"https:\/\/www.facebook.com\/pierrelucdufourphoto","article_modified_time":"2016-02-05T04:04:43+00:00","twitter_card":"summary_large_image","schema":{"@context":"https:\/\/schema.org","@graph":[{"@type":"WebPage","@id":"https:\/\/pierre-luc-dufour.shany.ca\/en\/info\/","url":"https:\/\/pierre-luc-dufour.shany.ca\/en\/info\/","name":"Info - Pierre-Luc Dufour Photographe(r)","isPartOf":{"@id":"https:\/\/pierre-luc-dufour.shany.ca\/#website"},"datePublished":"2015-01-02T16:35:16+00:00","dateModified":"2016-02-05T04:04:43+00:00","breadcrumb":{"@id":"https:\/\/pierre-luc-dufour.shany.ca\/en\/info\/#breadcrumb"},"inLanguage":"en-US","potentialAction":[{"@type":"ReadAction","target":["https:\/\/pierre-luc-dufour.shany.ca\/en\/info\/"]}]},{"@type":"BreadcrumbList","@id":"https:\/\/pierre-luc-dufour.shany.ca\/en\/info\/#breadcrumb","itemListElement":[{"@type":"ListItem","position":1,"name":"Accueil","item":"https:\/\/pierre-luc-dufour.shany.ca\/"},{"@type":"ListItem","position":2,"name":"Info"}]},{"@type":"WebSite","@id":"https:\/\/pierre-luc-dufour.shany.ca\/#website","url":"https:\/\/pierre-luc-dufour.shany.ca\/","name":"Pierre-Luc Dufour Photographe(r)","description":"Pierre-Luc Dufour Photographe(r)","publisher":{"@id":"https:\/\/pierre-luc-dufour.shany.ca\/#\/schema\/person\/2864f014030ab3d05b4de91ae115f4e0"},"potentialAction":[{"@type":"SearchAction","target":{"@type":"EntryPoint","urlTemplate":"https:\/\/pierre-luc-dufour.shany.ca\/?s={search_term_string}"},"query-input":"required name=search_term_string"}],"inLanguage":"en-US"},{"@type":["Person","Organization"],"@id":"https:\/\/pierre-luc-dufour.shany.ca\/#\/schema\/person\/2864f014030ab3d05b4de91ae115f4e0","name":"Pierre-Luc Dufour","image":{"@type":"ImageObject","inLanguage":"en-US","@id":"https:\/\/pierre-luc-dufour.shany.ca\/#\/schema\/person\/image\/","url":"https:\/\/pierrelucdufour.com\/wp-content\/uploads\/2023\/03\/PLD_Logotype_500X30.jpg","contentUrl":"https:\/\/pierrelucdufour.com\/wp-content\/uploads\/2023\/03\/PLD_Logotype_500X30.jpg","width":1000,"height":60,"caption":"Pierre-Luc Dufour"},"logo":{"@id":"https:\/\/pierre-luc-dufour.shany.ca\/#\/schema\/person\/image\/"},"description":"Pierre-Luc Dufour m\u00e8ne une carri\u00e8re en photographie et collabore avec plusieurs clients commerciaux des villes de Montr\u00e9al et de Qu\u00e9bec depuis dix ans. Disponible et flexible, il aime s'adapter aux objectifs de son client pour permettre \u00e0 ce dernier d'acqu\u00e9rir l'image qui l'aidera dans ses activit\u00e9s professionnelles.","sameAs":["https:\/\/pierrelucdufour.com\/","https:\/\/www.facebook.com\/pierrelucdufourphoto","https:\/\/www.instagram.com\/pierrelucdufourphotographie\/"]}]}},"_links":{"self":[{"href":"https:\/\/pierrelucdufour.com\/en\/wp-json\/wp\/v2\/pages\/505"}],"collection":[{"href":"https:\/\/pierrelucdufour.com\/en\/wp-json\/wp\/v2\/pages"}],"about":[{"href":"https:\/\/pierrelucdufour.com\/en\/wp-json\/wp\/v2\/types\/page"}],"author":[{"embeddable":true,"href":"https:\/\/pierrelucdufour.com\/en\/wp-json\/wp\/v2\/users\/8"}],"replies":[{"embeddable":true,"href":"https:\/\/pierrelucdufour.com\/en\/wp-json\/wp\/v2\/comments?post=505"}],"version-history":[{"count":21,"href":"https:\/\/pierrelucdufour.com\/en\/wp-json\/wp\/v2\/pages\/505\/revisions"}],"predecessor-version":[{"id":1702,"href":"https:\/\/pierrelucdufour.com\/en\/wp-json\/wp\/v2\/pages\/505\/revisions\/1702"}],"wp:attachment":[{"href":"https:\/\/pierrelucdufour.com\/en\/wp-json\/wp\/v2\/media?parent=505"}],"curies":[{"name":"wp","href":"https:\/\/api.w.org\/{rel}","templated":true}]}}